{"id":16,"date":"2022-05-23T16:57:41","date_gmt":"2022-05-23T16:57:41","guid":{"rendered":"http:\/\/kuzmavill.hu\/?page_id=16"},"modified":"2023-04-06T09:22:10","modified_gmt":"2023-04-06T09:22:10","slug":"elerhetoseg","status":"publish","type":"page","link":"https:\/\/kuzmavill.hu\/?page_id=16","title":{"rendered":"Ha szeretn\u00e9 felvenni velem a kapcsolatot"},"content":{"rendered":"\n<p class=\"has-medium-font-size\">az al\u00e1bbi lehet\u0151s\u00e9gek k\u00f6z\u00fcl tud v\u00e1lasztani. <\/p>\n\n\n\n<p class=\"has-medium-font-size\">K\u00e9rem vegye figyelembe, hogy sajnos azonnal nem tudok munk\u00e1t v\u00e1llalni, de t\u00f6rekszem mindig a legr\u00f6videbb id\u0151 alatt megoldani mindent! <\/p>\n","protected":false},"excerpt":{"rendered":"<p>az al\u00e1bbi lehet\u0151s\u00e9gek k\u00f6z\u00fcl tud v\u00e1lasztani. K\u00e9rem vegye figyelembe, hogy sajnos azonnal nem tudok munk\u00e1t v\u00e1llalni, de t\u00f6rekszem mindig a legr\u00f6videbb id\u0151 alatt megoldani mindent!<\/p>\n","protected":false},"author":1,"featured_media":0,"parent":0,"menu_order":0,"comment_status":"closed","ping_status":"closed","template":"","meta":{"footnotes":""},"class_list":["post-16","page","type-page","status-publish","hentry"],"_links":{"self":[{"href":"https:\/\/kuzmavill.hu\/index.php?rest_route=\/wp\/v2\/pages\/16","targetHints":{"allow":["GET"]}}],"collection":[{"href":"https:\/\/kuzmavill.hu\/index.php?rest_route=\/wp\/v2\/pages"}],"about":[{"href":"https:\/\/kuzmavill.hu\/index.php?rest_route=\/wp\/v2\/types\/page"}],"author":[{"embeddable":true,"href":"https:\/\/kuzmavill.hu\/index.php?rest_route=\/wp\/v2\/users\/1"}],"replies":[{"embeddable":true,"href":"https:\/\/kuzmavill.hu\/index.php?rest_route=%2Fwp%2Fv2%2Fcomments&post=16"}],"version-history":[{"count":3,"href":"https:\/\/kuzmavill.hu\/index.php?rest_route=\/wp\/v2\/pages\/16\/revisions"}],"predecessor-version":[{"id":126,"href":"https:\/\/kuzmavill.hu\/index.php?rest_route=\/wp\/v2\/pages\/16\/revisions\/126"}],"wp:attachment":[{"href":"https:\/\/kuzmavill.hu\/index.php?rest_route=%2Fwp%2Fv2%2Fmedia&parent=16"}],"curies":[{"name":"wp","href":"https:\/\/api.w.org\/{rel}","templated":true}]}}