{"id":14,"date":"2022-05-23T16:57:41","date_gmt":"2022-05-23T16:57:41","guid":{"rendered":"http:\/\/kuzmavill.hu\/?page_id=14"},"modified":"2023-04-06T09:30:04","modified_gmt":"2023-04-06T09:30:04","slug":"kezdolap","status":"publish","type":"page","link":"https:\/\/kuzmavill.hu\/","title":{"rendered":"\u00dcdv\u00f6zl\u00f6m a KuzmaVill \u00c9p\u00fcletvillamoss\u00e1gn\u00e1l!"},"content":{"rendered":"\n<p class=\"has-medium-font-size\">Komplett \u00e9p\u00fcletvillamoss\u00e1gi kivitelez\u00e9s, r\u00e9gi \u00e9p\u00fcletek elektromos moderniz\u00e1ci\u00f3ja, hibakeres\u00e9s, vil\u00e1g\u00edt\u00e1sok tervez\u00e9se \u00e9s kivitelez\u00e9se&#8230; <\/p>\n\n\n\n<p class=\"has-medium-font-size\">Ez csak n\u00e9h\u00e1ny az \u00e1ltalam ny\u00fajtott szolg\u00e1ltat\u00e1sok k\u00f6z\u00fcl. V\u00e1llakoz\u00e1som c\u00e9lja, hogy az \u00fcgyfeleim nyugodtan aludjanak tudv\u00e1n, hogy ingatlanjaikban az elektromosrendszer hib\u00e1tlan megold\u00e1s\u00e1r\u00f3l m\u00e1r gondoskodtam. <\/p>\n","protected":false},"excerpt":{"rendered":"<p>Komplett \u00e9p\u00fcletvillamoss\u00e1gi kivitelez\u00e9s, r\u00e9gi \u00e9p\u00fcletek elektromos moderniz\u00e1ci\u00f3ja, hibakeres\u00e9s, vil\u00e1g\u00edt\u00e1sok tervez\u00e9se \u00e9s kivitelez\u00e9se&#8230; Ez csak n\u00e9h\u00e1ny az \u00e1ltalam ny\u00fajtott szolg\u00e1ltat\u00e1sok k\u00f6z\u00fcl. V\u00e1llakoz\u00e1som c\u00e9lja, hogy az \u00fcgyfeleim nyugodtan aludjanak tudv\u00e1n, hogy ingatlanjaikban az elektromosrendszer hib\u00e1tlan megold\u00e1s\u00e1r\u00f3l m\u00e1r gondoskodtam.<\/p>\n","protected":false},"author":1,"featured_media":0,"parent":0,"menu_order":0,"comment_status":"closed","ping_status":"closed","template":"","meta":{"footnotes":""},"class_list":["post-14","page","type-page","status-publish","hentry"],"_links":{"self":[{"href":"https:\/\/kuzmavill.hu\/index.php?rest_route=\/wp\/v2\/pages\/14","targetHints":{"allow":["GET"]}}],"collection":[{"href":"https:\/\/kuzmavill.hu\/index.php?rest_route=\/wp\/v2\/pages"}],"about":[{"href":"https:\/\/kuzmavill.hu\/index.php?rest_route=\/wp\/v2\/types\/page"}],"author":[{"embeddable":true,"href":"https:\/\/kuzmavill.hu\/index.php?rest_route=\/wp\/v2\/users\/1"}],"replies":[{"embeddable":true,"href":"https:\/\/kuzmavill.hu\/index.php?rest_route=%2Fwp%2Fv2%2Fcomments&post=14"}],"version-history":[{"count":4,"href":"https:\/\/kuzmavill.hu\/index.php?rest_route=\/wp\/v2\/pages\/14\/revisions"}],"predecessor-version":[{"id":130,"href":"https:\/\/kuzmavill.hu\/index.php?rest_route=\/wp\/v2\/pages\/14\/revisions\/130"}],"wp:attachment":[{"href":"https:\/\/kuzmavill.hu\/index.php?rest_route=%2Fwp%2Fv2%2Fmedia&parent=14"}],"curies":[{"name":"wp","href":"https:\/\/api.w.org\/{rel}","templated":true}]}}