{"id":136,"date":"2023-04-06T09:43:21","date_gmt":"2023-04-06T09:43:21","guid":{"rendered":"https:\/\/kuzmavill.hu\/?page_id=136"},"modified":"2023-04-06T09:43:21","modified_gmt":"2023-04-06T09:43:21","slug":"villanyszerelesi-anyagok","status":"publish","type":"page","link":"https:\/\/kuzmavill.hu\/?page_id=136","title":{"rendered":"Villanyszerel\u00e9si anyagok"},"content":{"rendered":"\n<p class=\"has-medium-font-size\">Hamarosan el\u00e9rhet\u0151ek lesznek n\u00e1lunk k\u00fcl\u00f6nf\u00e9le villanyszerel\u00e9si anyagok. T\u00f6bbek k\u00f6z\u00f6tt kapcsol\u00f3k, konnektorok, vezet\u00e9kek, el\u0151reszerelt hosszabb\u00edt\u00f3k stb&#8230; <\/p>\n","protected":false},"excerpt":{"rendered":"<p>Hamarosan el\u00e9rhet\u0151ek lesznek n\u00e1lunk k\u00fcl\u00f6nf\u00e9le villanyszerel\u00e9si anyagok. T\u00f6bbek k\u00f6z\u00f6tt kapcsol\u00f3k, konnektorok, vezet\u00e9kek, el\u0151reszerelt hosszabb\u00edt\u00f3k stb&#8230;<\/p>\n","protected":false},"author":1,"featured_media":0,"parent":0,"menu_order":0,"comment_status":"closed","ping_status":"closed","template":"","meta":{"footnotes":""},"class_list":["post-136","page","type-page","status-publish","hentry"],"_links":{"self":[{"href":"https:\/\/kuzmavill.hu\/index.php?rest_route=\/wp\/v2\/pages\/136","targetHints":{"allow":["GET"]}}],"collection":[{"href":"https:\/\/kuzmavill.hu\/index.php?rest_route=\/wp\/v2\/pages"}],"about":[{"href":"https:\/\/kuzmavill.hu\/index.php?rest_route=\/wp\/v2\/types\/page"}],"author":[{"embeddable":true,"href":"https:\/\/kuzmavill.hu\/index.php?rest_route=\/wp\/v2\/users\/1"}],"replies":[{"embeddable":true,"href":"https:\/\/kuzmavill.hu\/index.php?rest_route=%2Fwp%2Fv2%2Fcomments&post=136"}],"version-history":[{"count":1,"href":"https:\/\/kuzmavill.hu\/index.php?rest_route=\/wp\/v2\/pages\/136\/revisions"}],"predecessor-version":[{"id":137,"href":"https:\/\/kuzmavill.hu\/index.php?rest_route=\/wp\/v2\/pages\/136\/revisions\/137"}],"wp:attachment":[{"href":"https:\/\/kuzmavill.hu\/index.php?rest_route=%2Fwp%2Fv2%2Fmedia&parent=136"}],"curies":[{"name":"wp","href":"https:\/\/api.w.org\/{rel}","templated":true}]}}